{"id":355,"date":"2016-09-24T14:40:14","date_gmt":"2016-09-24T14:40:14","guid":{"rendered":"http:\/\/fitness2.mythemecloud.io\/?page_id=355"},"modified":"2026-01-19T14:57:10","modified_gmt":"2026-01-19T14:57:10","slug":"accueilconcours-carre-boumbas-2026","status":"publish","type":"page","link":"https:\/\/maison-boumbas.com\/","title":{"rendered":"Accueil"},"content":{"rendered":"\t\t<div data-elementor-type=\"wp-post\" data-elementor-id=\"355\" class=\"elementor elementor-355\">\n\t\t\t\t\t\t<section class=\"elementor-section elementor-top-section elementor-element elementor-element-arduvcg elementor-section-height-full elementor-section-full_width elementor-section-stretched elementor-section-height-default elementor-section-items-middle\" data-id=\"arduvcg\" data-element_type=\"section\" data-settings=\"{&quot;background_background&quot;:&quot;classic&quot;,&quot;stretch_section&quot;:&quot;section-stretched&quot;}\">\n\t\t\t\t\t\t<div class=\"elementor-container elementor-column-gap-no\">\n\t\t\t\t\t<div class=\"elementor-column elementor-col-100 elementor-top-column elementor-element elementor-element-mcwoycn\" data-id=\"mcwoycn\" data-element_type=\"column\">\n\t\t\t<div class=\"elementor-widget-wrap elementor-element-populated\">\n\t\t\t\t\t\t<div class=\"elementor-element elementor-element-80695b7 elementor-widget elementor-widget-heading\" data-id=\"80695b7\" data-element_type=\"widget\" data-widget_type=\"heading.default\">\n\t\t\t\t\t<h1 class=\"elementor-heading-title elementor-size-default\">Atelier de couture \u00e0 Brazzaville depuis 1990<\/h1>\t\t\t\t<\/div>\n\t\t\t\t<div class=\"elementor-element elementor-element-jmkaurx elementor-widget elementor-widget-heading\" data-id=\"jmkaurx\" data-element_type=\"widget\" data-widget_type=\"heading.default\">\n\t\t\t\t\t<h2 class=\"elementor-heading-title elementor-size-default\">Maison Boumbas<\/h2>\t\t\t\t<\/div>\n\t\t\t\t<div class=\"elementor-element elementor-element-fezgkzy elementor-widget elementor-widget-text-editor\" data-id=\"fezgkzy\" data-element_type=\"widget\" data-widget_type=\"text-editor.default\">\n\t\t\t\t\t\t\t\t\t<p><strong>Maison Boumbas, c\u2019est l\u2019histoire d\u2019un atelier de couture de haut niveau fond\u00e9 \u00e0 Brazzaville il y a plus de 30 ans. <\/strong><\/p><p><strong>Notre ambition : faire rayonner la cr\u00e9ativit\u00e9 et le luxe africains.<\/strong><\/p>\t\t\t\t\t\t\t\t<\/div>\n\t\t\t\t<div class=\"elementor-element elementor-element-rwyawhg elementor-align-center elementor-widget elementor-widget-button\" data-id=\"rwyawhg\" data-element_type=\"widget\" data-widget_type=\"button.default\">\n\t\t\t\t\t\t\t\t\t\t<a class=\"elementor-button elementor-button-link elementor-size-sm\" href=\"http:\/\/maison-boumbas.com\/index.php\/programs\/\">\n\t\t\t\t\t\t<span class=\"elementor-button-content-wrapper\">\n\t\t\t\t\t\t\t\t\t<span class=\"elementor-button-text\">Concours Carr\u00e9 Boumbas 2026<\/span>\n\t\t\t\t\t<\/span>\n\t\t\t\t\t<\/a>\n\t\t\t\t\t\t\t\t<\/div>\n\t\t\t\t\t<\/div>\n\t\t<\/div>\n\t\t\t\t\t<\/div>\n\t\t<\/section>\n\t\t\t\t<\/div>\n\t\t","protected":false},"excerpt":{"rendered":"<p>Atelier de couture \u00e0 Brazzaville depuis 1990 Maison Boumbas Maison Boumbas, c\u2019est l\u2019histoire d\u2019un atelier de couture de haut niveau fond\u00e9 \u00e0 Brazzaville il y a plus de 30 ans. Notre ambition : faire rayonner la cr\u00e9ativit\u00e9 et le luxe africains. Concours Carr\u00e9 Boumbas 2026<\/p>\n","protected":false},"author":1,"featured_media":0,"parent":0,"menu_order":0,"comment_status":"closed","ping_status":"closed","template":"","meta":{"ocean_post_layout":"full-screen","ocean_both_sidebars_style":"","ocean_both_sidebars_content_width":0,"ocean_both_sidebars_sidebars_width":0,"ocean_sidebar":"","ocean_second_sidebar":"","ocean_disable_margins":"on","ocean_add_body_class":"","ocean_shortcode_before_top_bar":"","ocean_shortcode_after_top_bar":"","ocean_shortcode_before_header":"","ocean_shortcode_after_header":"","ocean_has_shortcode":"","ocean_shortcode_after_title":"","ocean_shortcode_before_footer_widgets":"","ocean_shortcode_after_footer_widgets":"","ocean_shortcode_before_footer_bottom":"","ocean_shortcode_after_footer_bottom":"","ocean_display_top_bar":"default","ocean_display_header":"default","ocean_header_style":"","ocean_center_header_left_menu":"","ocean_custom_header_template":"","ocean_custom_logo":0,"ocean_custom_retina_logo":0,"ocean_custom_logo_max_width":0,"ocean_custom_logo_tablet_max_width":0,"ocean_custom_logo_mobile_max_width":0,"ocean_custom_logo_max_height":0,"ocean_custom_logo_tablet_max_height":0,"ocean_custom_logo_mobile_max_height":0,"ocean_header_custom_menu":"","ocean_menu_typo_font_family":"","ocean_menu_typo_font_subset":"","ocean_menu_typo_font_size":0,"ocean_menu_typo_font_size_tablet":0,"ocean_menu_typo_font_size_mobile":0,"ocean_menu_typo_font_size_unit":"px","ocean_menu_typo_font_weight":"","ocean_menu_typo_font_weight_tablet":"","ocean_menu_typo_font_weight_mobile":"","ocean_menu_typo_transform":"","ocean_menu_typo_transform_tablet":"","ocean_menu_typo_transform_mobile":"","ocean_menu_typo_line_height":0,"ocean_menu_typo_line_height_tablet":0,"ocean_menu_typo_line_height_mobile":0,"ocean_menu_typo_line_height_unit":"","ocean_menu_typo_spacing":0,"ocean_menu_typo_spacing_tablet":0,"ocean_menu_typo_spacing_mobile":0,"ocean_menu_typo_spacing_unit":"","ocean_menu_link_color":"","ocean_menu_link_color_hover":"","ocean_menu_link_color_active":"","ocean_menu_link_background":"","ocean_menu_link_hover_background":"","ocean_menu_link_active_background":"","ocean_menu_social_links_bg":"","ocean_menu_social_hover_links_bg":"","ocean_menu_social_links_color":"","ocean_menu_social_hover_links_color":"","ocean_disable_title":"on","ocean_disable_heading":"default","ocean_post_title":"","ocean_post_subheading":"","ocean_post_title_style":"","ocean_post_title_background_color":"","ocean_post_title_background":0,"ocean_post_title_bg_image_position":"","ocean_post_title_bg_image_attachment":"","ocean_post_title_bg_image_repeat":"","ocean_post_title_bg_image_size":"","ocean_post_title_height":0,"ocean_post_title_bg_overlay":0.5,"ocean_post_title_bg_overlay_color":"","ocean_disable_breadcrumbs":"default","ocean_breadcrumbs_color":"","ocean_breadcrumbs_separator_color":"","ocean_breadcrumbs_links_color":"","ocean_breadcrumbs_links_hover_color":"","ocean_display_footer_widgets":"default","ocean_display_footer_bottom":"default","ocean_custom_footer_template":"","footnotes":""},"class_list":["post-355","page","type-page","status-publish","hentry","entry"],"yoast_head":"<!-- This site is optimized with the Yoast SEO plugin v26.2 - https:\/\/yoast.com\/wordpress\/plugins\/seo\/ -->\n<title>Concours Carr\u00e9 Boumbas 2026 - Appel aux talents d&#039;art, de mode et de design en Afrique<\/title>\n<meta name=\"description\" content=\"Participez au Concours Carr\u00e9 Boumbas 2026! Etudiants et jeunes cr\u00e9ateurs d&#039;Afrique, proposez vos dessins originaux pour \u00eatre imprim\u00e9s sur les carr\u00e9s de soie Boumbas et gagnez 100 euros par cr\u00e9ation s\u00e9lectionn\u00e9e.\" \/>\n<meta name=\"robots\" content=\"index, follow, max-snippet:-1, max-image-preview:large, max-video-preview:-1\" \/>\n<link rel=\"canonical\" href=\"https:\/\/maison-boumbas.com\/\" \/>\n<meta property=\"og:locale\" content=\"en_US\" \/>\n<meta property=\"og:type\" content=\"article\" \/>\n<meta property=\"og:title\" content=\"Concours Carr\u00e9 Boumbas 2026 - Appel aux talents d&#039;art, de mode et de design en Afrique\" \/>\n<meta property=\"og:description\" content=\"Participez au Concours Carr\u00e9 Boumbas 2026! Etudiants et jeunes cr\u00e9ateurs d&#039;Afrique, proposez vos dessins originaux pour \u00eatre imprim\u00e9s sur les carr\u00e9s de soie Boumbas et gagnez 100 euros par cr\u00e9ation s\u00e9lectionn\u00e9e.\" \/>\n<meta property=\"og:url\" content=\"https:\/\/maison-boumbas.com\/\" \/>\n<meta property=\"og:site_name\" content=\"Maison Boumbas\" \/>\n<meta property=\"article:modified_time\" content=\"2026-01-19T14:57:10+00:00\" \/>\n<meta name=\"twitter:card\" content=\"summary_large_image\" \/>\n<meta name=\"twitter:label1\" content=\"Est. reading time\" \/>\n\t<meta name=\"twitter:data1\" content=\"1 minute\" \/>\n<script type=\"application\/ld+json\" class=\"yoast-schema-graph\">{\"@context\":\"https:\/\/schema.org\",\"@graph\":[{\"@type\":\"WebPage\",\"@id\":\"https:\/\/maison-boumbas.com\/\",\"url\":\"https:\/\/maison-boumbas.com\/\",\"name\":\"Concours Carr\u00e9 Boumbas 2026 - Appel aux talents d'art, de mode et de design en Afrique\",\"isPartOf\":{\"@id\":\"https:\/\/maison-boumbas.com\/#website\"},\"datePublished\":\"2016-09-24T14:40:14+00:00\",\"dateModified\":\"2026-01-19T14:57:10+00:00\",\"description\":\"Participez au Concours Carr\u00e9 Boumbas 2026! Etudiants et jeunes cr\u00e9ateurs d'Afrique, proposez vos dessins originaux pour \u00eatre imprim\u00e9s sur les carr\u00e9s de soie Boumbas et gagnez 100 euros par cr\u00e9ation s\u00e9lectionn\u00e9e.\",\"breadcrumb\":{\"@id\":\"https:\/\/maison-boumbas.com\/#breadcrumb\"},\"inLanguage\":\"en-US\",\"potentialAction\":[{\"@type\":\"ReadAction\",\"target\":[\"https:\/\/maison-boumbas.com\/\"]}]},{\"@type\":\"BreadcrumbList\",\"@id\":\"https:\/\/maison-boumbas.com\/#breadcrumb\",\"itemListElement\":[{\"@type\":\"ListItem\",\"position\":1,\"name\":\"Accueil\",\"item\":\"https:\/\/maison-boumbas.com\/\"},{\"@type\":\"ListItem\",\"position\":2,\"name\":\"Accueil\"}]},{\"@type\":\"WebSite\",\"@id\":\"https:\/\/maison-boumbas.com\/#website\",\"url\":\"https:\/\/maison-boumbas.com\/\",\"name\":\"Maison Boumbas\",\"description\":\"Maison de couture depuis 1990 Brazzaville\",\"publisher\":{\"@id\":\"https:\/\/maison-boumbas.com\/#organization\"},\"potentialAction\":[{\"@type\":\"SearchAction\",\"target\":{\"@type\":\"EntryPoint\",\"urlTemplate\":\"https:\/\/maison-boumbas.com\/?s={search_term_string}\"},\"query-input\":{\"@type\":\"PropertyValueSpecification\",\"valueRequired\":true,\"valueName\":\"search_term_string\"}}],\"inLanguage\":\"en-US\"},{\"@type\":\"Organization\",\"@id\":\"https:\/\/maison-boumbas.com\/#organization\",\"name\":\"Maison Boumbas\",\"url\":\"https:\/\/maison-boumbas.com\/\",\"logo\":{\"@type\":\"ImageObject\",\"inLanguage\":\"en-US\",\"@id\":\"https:\/\/maison-boumbas.com\/#\/schema\/logo\/image\/\",\"url\":\"https:\/\/maison-boumbas.com\/wp-content\/uploads\/2025\/10\/cropped-logo-retina.png\",\"contentUrl\":\"https:\/\/maison-boumbas.com\/wp-content\/uploads\/2025\/10\/cropped-logo-retina.png\",\"width\":1016,\"height\":766,\"caption\":\"Maison Boumbas\"},\"image\":{\"@id\":\"https:\/\/maison-boumbas.com\/#\/schema\/logo\/image\/\"}}]}<\/script>\n<!-- \/ Yoast SEO plugin. -->","yoast_head_json":{"title":"Concours Carr\u00e9 Boumbas 2026 - Appel aux talents d'art, de mode et de design en Afrique","description":"Participez au Concours Carr\u00e9 Boumbas 2026! Etudiants et jeunes cr\u00e9ateurs d'Afrique, proposez vos dessins originaux pour \u00eatre imprim\u00e9s sur les carr\u00e9s de soie Boumbas et gagnez 100 euros par cr\u00e9ation s\u00e9lectionn\u00e9e.","robots":{"index":"index","follow":"follow","max-snippet":"max-snippet:-1","max-image-preview":"max-image-preview:large","max-video-preview":"max-video-preview:-1"},"canonical":"https:\/\/maison-boumbas.com\/","og_locale":"en_US","og_type":"article","og_title":"Concours Carr\u00e9 Boumbas 2026 - Appel aux talents d'art, de mode et de design en Afrique","og_description":"Participez au Concours Carr\u00e9 Boumbas 2026! Etudiants et jeunes cr\u00e9ateurs d'Afrique, proposez vos dessins originaux pour \u00eatre imprim\u00e9s sur les carr\u00e9s de soie Boumbas et gagnez 100 euros par cr\u00e9ation s\u00e9lectionn\u00e9e.","og_url":"https:\/\/maison-boumbas.com\/","og_site_name":"Maison Boumbas","article_modified_time":"2026-01-19T14:57:10+00:00","twitter_card":"summary_large_image","twitter_misc":{"Est. reading time":"1 minute"},"schema":{"@context":"https:\/\/schema.org","@graph":[{"@type":"WebPage","@id":"https:\/\/maison-boumbas.com\/","url":"https:\/\/maison-boumbas.com\/","name":"Concours Carr\u00e9 Boumbas 2026 - Appel aux talents d'art, de mode et de design en Afrique","isPartOf":{"@id":"https:\/\/maison-boumbas.com\/#website"},"datePublished":"2016-09-24T14:40:14+00:00","dateModified":"2026-01-19T14:57:10+00:00","description":"Participez au Concours Carr\u00e9 Boumbas 2026! Etudiants et jeunes cr\u00e9ateurs d'Afrique, proposez vos dessins originaux pour \u00eatre imprim\u00e9s sur les carr\u00e9s de soie Boumbas et gagnez 100 euros par cr\u00e9ation s\u00e9lectionn\u00e9e.","breadcrumb":{"@id":"https:\/\/maison-boumbas.com\/#breadcrumb"},"inLanguage":"en-US","potentialAction":[{"@type":"ReadAction","target":["https:\/\/maison-boumbas.com\/"]}]},{"@type":"BreadcrumbList","@id":"https:\/\/maison-boumbas.com\/#breadcrumb","itemListElement":[{"@type":"ListItem","position":1,"name":"Accueil","item":"https:\/\/maison-boumbas.com\/"},{"@type":"ListItem","position":2,"name":"Accueil"}]},{"@type":"WebSite","@id":"https:\/\/maison-boumbas.com\/#website","url":"https:\/\/maison-boumbas.com\/","name":"Maison Boumbas","description":"Maison de couture depuis 1990 Brazzaville","publisher":{"@id":"https:\/\/maison-boumbas.com\/#organization"},"potentialAction":[{"@type":"SearchAction","target":{"@type":"EntryPoint","urlTemplate":"https:\/\/maison-boumbas.com\/?s={search_term_string}"},"query-input":{"@type":"PropertyValueSpecification","valueRequired":true,"valueName":"search_term_string"}}],"inLanguage":"en-US"},{"@type":"Organization","@id":"https:\/\/maison-boumbas.com\/#organization","name":"Maison Boumbas","url":"https:\/\/maison-boumbas.com\/","logo":{"@type":"ImageObject","inLanguage":"en-US","@id":"https:\/\/maison-boumbas.com\/#\/schema\/logo\/image\/","url":"https:\/\/maison-boumbas.com\/wp-content\/uploads\/2025\/10\/cropped-logo-retina.png","contentUrl":"https:\/\/maison-boumbas.com\/wp-content\/uploads\/2025\/10\/cropped-logo-retina.png","width":1016,"height":766,"caption":"Maison Boumbas"},"image":{"@id":"https:\/\/maison-boumbas.com\/#\/schema\/logo\/image\/"}}]}},"_links":{"self":[{"href":"https:\/\/maison-boumbas.com\/index.php\/wp-json\/wp\/v2\/pages\/355","targetHints":{"allow":["GET"]}}],"collection":[{"href":"https:\/\/maison-boumbas.com\/index.php\/wp-json\/wp\/v2\/pages"}],"about":[{"href":"https:\/\/maison-boumbas.com\/index.php\/wp-json\/wp\/v2\/types\/page"}],"author":[{"embeddable":true,"href":"https:\/\/maison-boumbas.com\/index.php\/wp-json\/wp\/v2\/users\/1"}],"replies":[{"embeddable":true,"href":"https:\/\/maison-boumbas.com\/index.php\/wp-json\/wp\/v2\/comments?post=355"}],"version-history":[{"count":40,"href":"https:\/\/maison-boumbas.com\/index.php\/wp-json\/wp\/v2\/pages\/355\/revisions"}],"predecessor-version":[{"id":1241,"href":"https:\/\/maison-boumbas.com\/index.php\/wp-json\/wp\/v2\/pages\/355\/revisions\/1241"}],"wp:attachment":[{"href":"https:\/\/maison-boumbas.com\/index.php\/wp-json\/wp\/v2\/media?parent=355"}],"curies":[{"name":"wp","href":"https:\/\/api.w.org\/{rel}","templated":true}]}}